{"id":74,"date":"2025-11-15T20:08:54","date_gmt":"2025-11-15T20:08:54","guid":{"rendered":"https:\/\/isterningmaskine.dk\/index.php\/vare\/vare\/"},"modified":"2026-04-26T09:05:43","modified_gmt":"2026-04-26T09:05:43","slug":"wilfa-icm1-600-glacier-isterningmaskine-mat-sort","status":"publish","type":"product","link":"https:\/\/isterningmaskine.dk\/index.php\/vare\/wilfa-icm1-600-glacier-isterningmaskine-mat-sort\/","title":{"rendered":"Wilfa ICM1-600 Glacier isterningmaskine, mat sort"},"content":{"rendered":"<p>Wilfa ICM1-600 Glacier er en effektiv isterningmaskine i et stilrent matsort design, der kan lave hele 12 kg is p\u00e5 24 timer. Maskinen har et diskret design og m\u00e5ler kun 20,6 \u00c3\u0097 26,8 \u00c3\u0097 28,2 cm. Den er derfor ideel at have p\u00e5 k\u00f8kkenbordet eller i et k\u00f8kken<\/p>\n","protected":false},"excerpt":{"rendered":"<p>Wilfa ICM1-600 Glacier er en effektiv isterningmaskine i et stilrent matsort design, der kan lave hele 12 kg is p\u00e5 24 timer. Maskinen har et diskret design og m\u00e5ler kun 20,6 \u00c3\u0097 26,8 \u00c3\u0097 28,2 cm. Den er derfor ideel at have p\u00e5 k\u00f8kkenbordet eller i et k\u00f8kken<\/p>\n","protected":false},"featured_media":76,"comment_status":"open","ping_status":"closed","template":"","meta":[],"product_brand":[],"product_cat":[16,17],"product_tag":[],"class_list":{"0":"post-74","1":"product","2":"type-product","3":"status-publish","4":"has-post-thumbnail","6":"product_cat-ukategoriseret","7":"product_cat-wilfa","9":"first","10":"instock","11":"shipping-taxable","12":"product-type-external"},"_links":{"self":[{"href":"https:\/\/isterningmaskine.dk\/index.php\/wp-json\/wp\/v2\/product\/74","targetHints":{"allow":["GET"]}}],"collection":[{"href":"https:\/\/isterningmaskine.dk\/index.php\/wp-json\/wp\/v2\/product"}],"about":[{"href":"https:\/\/isterningmaskine.dk\/index.php\/wp-json\/wp\/v2\/types\/product"}],"replies":[{"embeddable":true,"href":"https:\/\/isterningmaskine.dk\/index.php\/wp-json\/wp\/v2\/comments?post=74"}],"wp:featuredmedia":[{"embeddable":true,"href":"https:\/\/isterningmaskine.dk\/index.php\/wp-json\/wp\/v2\/media\/76"}],"wp:attachment":[{"href":"https:\/\/isterningmaskine.dk\/index.php\/wp-json\/wp\/v2\/media?parent=74"}],"wp:term":[{"taxonomy":"product_brand","embeddable":true,"href":"https:\/\/isterningmaskine.dk\/index.php\/wp-json\/wp\/v2\/product_brand?post=74"},{"taxonomy":"product_cat","embeddable":true,"href":"https:\/\/isterningmaskine.dk\/index.php\/wp-json\/wp\/v2\/product_cat?post=74"},{"taxonomy":"product_tag","embeddable":true,"href":"https:\/\/isterningmaskine.dk\/index.php\/wp-json\/wp\/v2\/product_tag?post=74"}],"curies":[{"name":"wp","href":"https:\/\/api.w.org\/{rel}","templated":true}]}}