{"id":85,"date":"2025-11-15T20:20:27","date_gmt":"2025-11-15T20:20:27","guid":{"rendered":"https:\/\/isterningmaskine.dk\/index.php\/vare\/vare\/"},"modified":"2026-04-26T10:28:31","modified_gmt":"2026-04-26T10:28:31","slug":"caso-icemaster-pro-isterningmaskine","status":"publish","type":"product","link":"https:\/\/isterningmaskine.dk\/index.php\/vare\/caso-icemaster-pro-isterningmaskine\/","title":{"rendered":"Caso IceMaster PRO isterningmaskine"},"content":{"rendered":"<p>F\u00e5 hurtigt og nemt k\u00f8let din drinks ned. Caso IceMaster PRO isterningmaskinen kan lave 500 gram isterninger i timen, s\u00e5 har du altid isterninger ved h\u00e5nden. Skulle du l\u00f8be t\u00f8r, s\u00e5 er den hurtig til at lave flere, det tager kun 6-13 minutter. Samtidig kan<\/p>\n","protected":false},"excerpt":{"rendered":"<p>F\u00e5 hurtigt og nemt k\u00f8let din drinks ned. Caso IceMaster PRO isterningmaskinen kan lave 500 gram isterninger i timen, s\u00e5 har du altid isterninger ved h\u00e5nden. Skulle du l\u00f8be t\u00f8r, s\u00e5 er den hurtig til at lave flere, det tager kun 6-13 minutter. Samtidig kan<\/p>\n","protected":false},"featured_media":88,"comment_status":"open","ping_status":"closed","template":"","meta":[],"product_brand":[],"product_cat":[16,18],"product_tag":[],"class_list":{"0":"post-85","1":"product","2":"type-product","3":"status-publish","4":"has-post-thumbnail","6":"product_cat-ukategoriseret","7":"product_cat-caso","9":"first","10":"instock","11":"shipping-taxable","12":"product-type-external"},"_links":{"self":[{"href":"https:\/\/isterningmaskine.dk\/index.php\/wp-json\/wp\/v2\/product\/85","targetHints":{"allow":["GET"]}}],"collection":[{"href":"https:\/\/isterningmaskine.dk\/index.php\/wp-json\/wp\/v2\/product"}],"about":[{"href":"https:\/\/isterningmaskine.dk\/index.php\/wp-json\/wp\/v2\/types\/product"}],"replies":[{"embeddable":true,"href":"https:\/\/isterningmaskine.dk\/index.php\/wp-json\/wp\/v2\/comments?post=85"}],"wp:featuredmedia":[{"embeddable":true,"href":"https:\/\/isterningmaskine.dk\/index.php\/wp-json\/wp\/v2\/media\/88"}],"wp:attachment":[{"href":"https:\/\/isterningmaskine.dk\/index.php\/wp-json\/wp\/v2\/media?parent=85"}],"wp:term":[{"taxonomy":"product_brand","embeddable":true,"href":"https:\/\/isterningmaskine.dk\/index.php\/wp-json\/wp\/v2\/product_brand?post=85"},{"taxonomy":"product_cat","embeddable":true,"href":"https:\/\/isterningmaskine.dk\/index.php\/wp-json\/wp\/v2\/product_cat?post=85"},{"taxonomy":"product_tag","embeddable":true,"href":"https:\/\/isterningmaskine.dk\/index.php\/wp-json\/wp\/v2\/product_tag?post=85"}],"curies":[{"name":"wp","href":"https:\/\/api.w.org\/{rel}","templated":true}]}}